{"id":705,"date":"2020-04-12T15:55:54","date_gmt":"2020-04-12T15:55:54","guid":{"rendered":"https:\/\/sidurcatalunya.com\/?page_id=705"},"modified":"2025-05-04T08:35:38","modified_gmt":"2025-05-04T08:35:38","slug":"haggadah","status":"publish","type":"page","link":"https:\/\/sidurcatalunya.com\/en\/manuscripts\/haggadah\/","title":{"rendered":"Haggadot"},"content":{"rendered":"<h2 style=\"text-align: center;\">Haggadot from Catalonia<\/h2>\n<p style=\"text-align: center;\"><a href=\"https:\/\/www.bl.uk\/catalogues\/illuminatedmanuscripts\/record.asp?MSID=19109&amp;CollID=27&amp;NStart=14761\" target=\"_blank\" rel=\"noopener noreferrer\">The Barcelona Haggadah, c. 1340<\/a>.<\/p>\n<p><a href=\"https:\/\/www.bl.uk\/catalogues\/illuminatedmanuscripts\/record.asp?MSID=19109&amp;CollID=27&amp;NStart=14761\" target=\"_blank\" rel=\"noopener noreferrer\"><img loading=\"lazy\" decoding=\"async\" class=\"aligncenter wp-image-713\" src=\"https:\/\/wx1.7b4.myftpupload.com\/wp-content\/uploads\/2020\/04\/The-British-Library-London-Ms.-Add.-14761-300x280.jpg\" alt=\"\" width=\"400\" height=\"373\" srcset=\"https:\/\/sidurcatalunya.com\/wp-content\/uploads\/2020\/04\/The-British-Library-London-Ms.-Add.-14761-300x280.jpg 300w, https:\/\/sidurcatalunya.com\/wp-content\/uploads\/2020\/04\/The-British-Library-London-Ms.-Add.-14761-1024x954.jpg 1024w, https:\/\/sidurcatalunya.com\/wp-content\/uploads\/2020\/04\/The-British-Library-London-Ms.-Add.-14761-768x716.jpg 768w, https:\/\/sidurcatalunya.com\/wp-content\/uploads\/2020\/04\/The-British-Library-London-Ms.-Add.-14761-600x559.jpg 600w, https:\/\/sidurcatalunya.com\/wp-content\/uploads\/2020\/04\/The-British-Library-London-Ms.-Add.-14761.jpg 1500w\" sizes=\"auto, (max-width: 400px) 100vw, 400px\" \/><\/a><\/p>\n<p style=\"text-align: center;\">The British Library, London, Ms. Add. 14761<\/p>\n<p style=\"text-align: center;\"><a href=\"https:\/\/www.bl.uk\/catalogues\/illuminatedmanuscripts\/record.asp?MSID=19108&amp;CollID=27&amp;NStart=27210\" target=\"_blank\" rel=\"noopener noreferrer\">The Golden Haggadah, c. 1320.<\/a><\/p>\n<p><a href=\"https:\/\/www.bl.uk\/catalogues\/illuminatedmanuscripts\/record.asp?MSID=19108&amp;CollID=27&amp;NStart=27210\" target=\"_blank\" rel=\"noopener noreferrer\"><img loading=\"lazy\" decoding=\"async\" class=\"aligncenter wp-image-714\" src=\"https:\/\/wx1.7b4.myftpupload.com\/wp-content\/uploads\/2020\/04\/The-Golden-Haggadah-226x300.jpg\" alt=\"\" width=\"400\" height=\"530\" srcset=\"https:\/\/sidurcatalunya.com\/wp-content\/uploads\/2020\/04\/The-Golden-Haggadah-226x300.jpg 226w, https:\/\/sidurcatalunya.com\/wp-content\/uploads\/2020\/04\/The-Golden-Haggadah-773x1024.jpg 773w, https:\/\/sidurcatalunya.com\/wp-content\/uploads\/2020\/04\/The-Golden-Haggadah-768x1018.jpg 768w, https:\/\/sidurcatalunya.com\/wp-content\/uploads\/2020\/04\/The-Golden-Haggadah-600x795.jpg 600w, https:\/\/sidurcatalunya.com\/wp-content\/uploads\/2020\/04\/The-Golden-Haggadah.jpg 1132w\" sizes=\"auto, (max-width: 400px) 100vw, 400px\" \/><\/a><\/p>\n<p style=\"text-align: center;\">The British Library, London, Ms. Add. 27210<\/p>\n<p style=\"text-align: center;\"><a href=\"https:\/\/www.bl.uk\/catalogues\/illuminatedmanuscripts\/record.asp?MSID=19290&amp;CollID=96&amp;NStart=2884\" target=\"_blank\" rel=\"noopener noreferrer\">The Sister Haggadah, c. 1325-1335.<\/a><\/p>\n<p><a href=\"https:\/\/www.bl.uk\/catalogues\/illuminatedmanuscripts\/record.asp?MSID=19290&amp;CollID=96&amp;NStart=2884\" target=\"_blank\" rel=\"noopener noreferrer\"><img loading=\"lazy\" decoding=\"async\" class=\"aligncenter wp-image-715\" src=\"https:\/\/wx1.7b4.myftpupload.com\/wp-content\/uploads\/2020\/04\/Sister-Haggadah-246x300.jpg\" alt=\"\" width=\"400\" height=\"487\" srcset=\"https:\/\/sidurcatalunya.com\/wp-content\/uploads\/2020\/04\/Sister-Haggadah-246x300.jpg 246w, https:\/\/sidurcatalunya.com\/wp-content\/uploads\/2020\/04\/Sister-Haggadah-841x1024.jpg 841w, https:\/\/sidurcatalunya.com\/wp-content\/uploads\/2020\/04\/Sister-Haggadah-768x935.jpg 768w, https:\/\/sidurcatalunya.com\/wp-content\/uploads\/2020\/04\/Sister-Haggadah-600x731.jpg 600w, https:\/\/sidurcatalunya.com\/wp-content\/uploads\/2020\/04\/Sister-Haggadah.jpg 1232w\" sizes=\"auto, (max-width: 400px) 100vw, 400px\" \/><\/a><\/p>\n<p style=\"text-align: center;\">The British Library, London, Ms. Or. 2884<\/p>\n<p style=\"text-align: center;\"><a href=\"https:\/\/web.nli.org.il\/sites\/NLI\/Hebrew\/digitallibrary\/pages\/viewer.aspx?presentorid=MANUSCRIPTS&amp;docid=PNX_MANUSCRIPTS990001944810205171-1#|FL29193367\" target=\"_blank\" rel=\"noopener noreferrer\">Graziano Haggadah, c. 1300-1328.<\/a><\/p>\n<p><a href=\"https:\/\/web.nli.org.il\/sites\/NLI\/Hebrew\/digitallibrary\/pages\/viewer.aspx?presentorid=MANUSCRIPTS&amp;docid=PNX_MANUSCRIPTS990001944810205171-1#|FL29193367\" target=\"_blank\" rel=\"noopener noreferrer\"><img loading=\"lazy\" decoding=\"async\" class=\"aligncenter wp-image-716\" src=\"https:\/\/wx1.7b4.myftpupload.com\/wp-content\/uploads\/2020\/04\/Graziano-200x300.jpg\" alt=\"\" width=\"400\" height=\"600\" srcset=\"https:\/\/sidurcatalunya.com\/wp-content\/uploads\/2020\/04\/Graziano-200x300.jpg 200w, https:\/\/sidurcatalunya.com\/wp-content\/uploads\/2020\/04\/Graziano-683x1024.jpg 683w, https:\/\/sidurcatalunya.com\/wp-content\/uploads\/2020\/04\/Graziano-600x900.jpg 600w, https:\/\/sidurcatalunya.com\/wp-content\/uploads\/2020\/04\/Graziano.jpg 700w\" sizes=\"auto, (max-width: 400px) 100vw, 400px\" \/><\/a><\/p>\n<p style=\"text-align: center;\">The Jewish Theological Seminary Library, New York, Ms. 9300<\/p>\n<p style=\"text-align: center;\"><a href=\"https:\/\/www.bl.uk\/catalogues\/illuminatedmanuscripts\/record.asp?MSID=19258&amp;CollID=96&amp;NStart=1404\" target=\"_blank\" rel=\"noopener noreferrer\">Brother Haggadah, c. 1330.<\/a><\/p>\n<p><a href=\"https:\/\/www.bl.uk\/catalogues\/illuminatedmanuscripts\/record.asp?MSID=19258&amp;CollID=96&amp;NStart=1404\" target=\"_blank\" rel=\"noopener noreferrer\"><img loading=\"lazy\" decoding=\"async\" class=\"aligncenter wp-image-717\" src=\"https:\/\/wx1.7b4.myftpupload.com\/wp-content\/uploads\/2020\/04\/Brother-Haggadah-250x300.jpg\" alt=\"\" width=\"400\" height=\"479\" srcset=\"https:\/\/sidurcatalunya.com\/wp-content\/uploads\/2020\/04\/Brother-Haggadah-250x300.jpg 250w, https:\/\/sidurcatalunya.com\/wp-content\/uploads\/2020\/04\/Brother-Haggadah-855x1024.jpg 855w, https:\/\/sidurcatalunya.com\/wp-content\/uploads\/2020\/04\/Brother-Haggadah-768x920.jpg 768w, https:\/\/sidurcatalunya.com\/wp-content\/uploads\/2020\/04\/Brother-Haggadah-600x719.jpg 600w, https:\/\/sidurcatalunya.com\/wp-content\/uploads\/2020\/04\/Brother-Haggadah.jpg 1252w\" sizes=\"auto, (max-width: 400px) 100vw, 400px\" \/><\/a><\/p>\n<p style=\"text-align: center;\">The British Library, London, Ms. Or. 1404<\/p>\n<p style=\"text-align: center;\"><a href=\"http:\/\/openn.library.upenn.edu\/Data\/0021\/html\/HebrewMss6.html\" target=\"_blank\" rel=\"noopener noreferrer\">Rylands Haggadah, c. 1330-1349.<\/a><\/p>\n<p><a href=\"http:\/\/openn.library.upenn.edu\/Data\/0021\/html\/HebrewMss6.html\" target=\"_blank\" rel=\"noopener noreferrer\"><img loading=\"lazy\" decoding=\"async\" class=\"aligncenter wp-image-718\" src=\"https:\/\/wx1.7b4.myftpupload.com\/wp-content\/uploads\/2020\/04\/Rylands-Haggadah-244x300.jpg\" alt=\"\" width=\"400\" height=\"492\" srcset=\"https:\/\/sidurcatalunya.com\/wp-content\/uploads\/2020\/04\/Rylands-Haggadah-244x300.jpg 244w, https:\/\/sidurcatalunya.com\/wp-content\/uploads\/2020\/04\/Rylands-Haggadah-833x1024.jpg 833w, https:\/\/sidurcatalunya.com\/wp-content\/uploads\/2020\/04\/Rylands-Haggadah-768x944.jpg 768w, https:\/\/sidurcatalunya.com\/wp-content\/uploads\/2020\/04\/Rylands-Haggadah-1249x1536.jpg 1249w, https:\/\/sidurcatalunya.com\/wp-content\/uploads\/2020\/04\/Rylands-Haggadah-600x738.jpg 600w, https:\/\/sidurcatalunya.com\/wp-content\/uploads\/2020\/04\/Rylands-Haggadah.jpg 1464w\" sizes=\"auto, (max-width: 400px) 100vw, 400px\" \/><\/a><\/p>\n<p style=\"text-align: center;\">The John Rylands University Library, Manchester, Heb. Ms. 6<\/p>\n<p style=\"text-align: center;\"><a href=\"http:\/\/archives.ucl.ac.uk\/DServe\/dserve.exe?dsqServer=localhost&amp;dsqIni=Dserve.ini&amp;dsqApp=Archive&amp;dsqDb=Catalog&amp;dsqCmd=show.tcl&amp;dsqSearch=(RefNo==%22MS%20MOCATTA\/1%22)\" target=\"_blank\" rel=\"noopener noreferrer\">Mocatta Haggadah, c. 1330-1340.<\/a><\/p>\n<p><a href=\"http:\/\/archives.ucl.ac.uk\/DServe\/dserve.exe?dsqServer=localhost&amp;dsqIni=Dserve.ini&amp;dsqApp=Archive&amp;dsqDb=Catalog&amp;dsqCmd=show.tcl&amp;dsqSearch=(RefNo==%22MS%20MOCATTA\/1%22)\" target=\"_blank\" rel=\"noopener noreferrer\"><img loading=\"lazy\" decoding=\"async\" class=\"aligncenter wp-image-719\" src=\"https:\/\/wx1.7b4.myftpupload.com\/wp-content\/uploads\/2020\/04\/Moccata-Haggadah-207x300.jpg\" alt=\"\" width=\"400\" height=\"579\" srcset=\"https:\/\/sidurcatalunya.com\/wp-content\/uploads\/2020\/04\/Moccata-Haggadah-207x300.jpg 207w, https:\/\/sidurcatalunya.com\/wp-content\/uploads\/2020\/04\/Moccata-Haggadah.jpg 327w\" sizes=\"auto, (max-width: 400px) 100vw, 400px\" \/><\/a><\/p>\n<p style=\"text-align: center;\">University College London Library Services, Special Collections, Ms. Mocatta 1<\/p>\n<p style=\"text-align: center;\"><a href=\"https:\/\/www.imj.org.il\/en\/collections\/361168\" target=\"_blank\" rel=\"noopener noreferrer\">The Sassoon Haggadah, c. 1320.<\/a><\/p>\n<p><a href=\"https:\/\/www.imj.org.il\/en\/collections\/361168\" target=\"_blank\" rel=\"noopener noreferrer\"><img loading=\"lazy\" decoding=\"async\" class=\"aligncenter wp-image-720\" src=\"https:\/\/wx1.7b4.myftpupload.com\/wp-content\/uploads\/2020\/04\/Sassoon-Haggadah-300x237.jpg\" alt=\"\" width=\"400\" height=\"316\" srcset=\"https:\/\/sidurcatalunya.com\/wp-content\/uploads\/2020\/04\/Sassoon-Haggadah-300x237.jpg 300w, https:\/\/sidurcatalunya.com\/wp-content\/uploads\/2020\/04\/Sassoon-Haggadah-768x607.jpg 768w, https:\/\/sidurcatalunya.com\/wp-content\/uploads\/2020\/04\/Sassoon-Haggadah-600x474.jpg 600w, https:\/\/sidurcatalunya.com\/wp-content\/uploads\/2020\/04\/Sassoon-Haggadah.jpg 800w\" sizes=\"auto, (max-width: 400px) 100vw, 400px\" \/><\/a><\/p>\n<p style=\"text-align: center;\">The Israel Museum, Jerusalem, Ms. 181\/41<\/p>\n<p style=\"text-align: center;\"><a href=\"https:\/\/www.zemaljskimuzej.ba\/en\/archaeology\/middle-ages\/sarajevo-haggadah\" target=\"_blank\" rel=\"noopener noreferrer\">The Sarajevo Haggadah, c. 1325-1350.<\/a><\/p>\n<p><a href=\"https:\/\/www.zemaljskimuzej.ba\/en\/archaeology\/middle-ages\/sarajevo-haggadah\" target=\"_blank\" rel=\"noopener noreferrer\"><img loading=\"lazy\" decoding=\"async\" class=\"aligncenter wp-image-721\" src=\"https:\/\/wx1.7b4.myftpupload.com\/wp-content\/uploads\/2020\/04\/Sarajevo_Haggadah-231x300.png\" alt=\"\" width=\"400\" height=\"520\" srcset=\"https:\/\/sidurcatalunya.com\/wp-content\/uploads\/2020\/04\/Sarajevo_Haggadah-231x300.png 231w, https:\/\/sidurcatalunya.com\/wp-content\/uploads\/2020\/04\/Sarajevo_Haggadah-600x779.png 600w, https:\/\/sidurcatalunya.com\/wp-content\/uploads\/2020\/04\/Sarajevo_Haggadah.png 729w\" sizes=\"auto, (max-width: 400px) 100vw, 400px\" \/><\/a><\/p>\n<p style=\"text-align: center;\">Zemaljski Muzej Bosne i Hercegovine, Sarajevo, Ms. 1<\/p>\n<p style=\"text-align: center;\"><a href=\"https:\/\/bub.unibo.it\/it\/mostre-online\/esposizione-di-antichi-codici-a-stampa-e-manoscritti-legati-al-mondo-ebraico-dalle-raccolte-della-biblioteca-universitaria-di-bologna\/mahazor-di-rito-sefardita-miniato\" target=\"_blank\" rel=\"noopener noreferrer\">Modena-Bologna Haggadah, c. 1325-1350.<\/a><\/p>\n<p><a href=\"https:\/\/bub.unibo.it\/it\/mostre-online\/esposizione-di-antichi-codici-a-stampa-e-manoscritti-legati-al-mondo-ebraico-dalle-raccolte-della-biblioteca-universitaria-di-bologna\/mahazor-di-rito-sefardita-miniato\" target=\"_blank\" rel=\"noopener noreferrer\"><img loading=\"lazy\" decoding=\"async\" class=\"aligncenter wp-image-722\" src=\"https:\/\/wx1.7b4.myftpupload.com\/wp-content\/uploads\/2020\/04\/Bologna-Haggadah-201x300.jpeg\" alt=\"\" width=\"400\" height=\"597\" srcset=\"https:\/\/sidurcatalunya.com\/wp-content\/uploads\/2020\/04\/Bologna-Haggadah-201x300.jpeg 201w, https:\/\/sidurcatalunya.com\/wp-content\/uploads\/2020\/04\/Bologna-Haggadah-600x896.jpeg 600w, https:\/\/sidurcatalunya.com\/wp-content\/uploads\/2020\/04\/Bologna-Haggadah.jpeg 603w\" sizes=\"auto, (max-width: 400px) 100vw, 400px\" \/><\/a><\/p>\n<p style=\"text-align: center;\">Biblioteca Universitaria di Bologna, Ms. 2559<\/p>\n<p style=\"text-align: center;\"><a href=\"http:\/\/kaufmann.mtak.hu\/en\/ms422\/ms422-coll1.htm\" target=\"_blank\" rel=\"noopener noreferrer\">Kaufmann Haggadah, XIVth century.<\/a><\/p>\n<p><a href=\"http:\/\/kaufmann.mtak.hu\/en\/ms422\/ms422-coll1.htm\" target=\"_blank\" rel=\"noopener noreferrer\"><img loading=\"lazy\" decoding=\"async\" class=\"aligncenter wp-image-723\" src=\"https:\/\/wx1.7b4.myftpupload.com\/wp-content\/uploads\/2020\/04\/Kaufmann-Haggadah-249x300.jpg\" alt=\"\" width=\"400\" height=\"483\" srcset=\"https:\/\/sidurcatalunya.com\/wp-content\/uploads\/2020\/04\/Kaufmann-Haggadah-249x300.jpg 249w, https:\/\/sidurcatalunya.com\/wp-content\/uploads\/2020\/04\/Kaufmann-Haggadah-600x724.jpg 600w, https:\/\/sidurcatalunya.com\/wp-content\/uploads\/2020\/04\/Kaufmann-Haggadah.jpg 700w\" sizes=\"auto, (max-width: 400px) 100vw, 400px\" \/><\/a><\/p>\n<p style=\"text-align: center;\">Magyar Tudom\u00e1nyos Akad\u00e9mia K\u00f6nyvt\u00e1ra, Budapest, Ms. A 422<\/p>\n<p style=\"text-align: center;\">Cambridge Haggadah, XIVth century.<\/p>\n<p><img loading=\"lazy\" decoding=\"async\" class=\"aligncenter wp-image-724\" src=\"https:\/\/wx1.7b4.myftpupload.com\/wp-content\/uploads\/2020\/04\/1586724189735-7b989d11-72a0-4cab-afe4-25d552e9e560_-300x225.jpg\" alt=\"\" width=\"400\" height=\"300\" srcset=\"https:\/\/sidurcatalunya.com\/wp-content\/uploads\/2020\/04\/1586724189735-7b989d11-72a0-4cab-afe4-25d552e9e560_-300x225.jpg 300w, https:\/\/sidurcatalunya.com\/wp-content\/uploads\/2020\/04\/1586724189735-7b989d11-72a0-4cab-afe4-25d552e9e560_-1024x768.jpg 1024w, https:\/\/sidurcatalunya.com\/wp-content\/uploads\/2020\/04\/1586724189735-7b989d11-72a0-4cab-afe4-25d552e9e560_-768x576.jpg 768w, https:\/\/sidurcatalunya.com\/wp-content\/uploads\/2020\/04\/1586724189735-7b989d11-72a0-4cab-afe4-25d552e9e560_-1536x1152.jpg 1536w, https:\/\/sidurcatalunya.com\/wp-content\/uploads\/2020\/04\/1586724189735-7b989d11-72a0-4cab-afe4-25d552e9e560_-285x214.jpg 285w, https:\/\/sidurcatalunya.com\/wp-content\/uploads\/2020\/04\/1586724189735-7b989d11-72a0-4cab-afe4-25d552e9e560_-600x450.jpg 600w, https:\/\/sidurcatalunya.com\/wp-content\/uploads\/2020\/04\/1586724189735-7b989d11-72a0-4cab-afe4-25d552e9e560_.jpg 2000w\" sizes=\"auto, (max-width: 400px) 100vw, 400px\" \/><\/p>\n<p style=\"text-align: center;\">Cambridge University Library, Ms. Add. 1203<\/p>\n<p style=\"text-align: center;\"><a href=\"https:\/\/wx1.7b4.myftpupload.com\/wp-content\/uploads\/2020\/04\/POBLET.pdf\" target=\"_blank\" rel=\"noopener noreferrer\">Poblet Haggadah, XIVth century.<\/a><\/p>\n<p><a href=\"https:\/\/wx1.7b4.myftpupload.com\/wp-content\/uploads\/2020\/04\/POBLET.pdf\" target=\"_blank\" rel=\"noopener noreferrer\"><img loading=\"lazy\" decoding=\"async\" class=\"aligncenter wp-image-725\" src=\"https:\/\/wx1.7b4.myftpupload.com\/wp-content\/uploads\/2020\/04\/PobletPageArchitecture-300x300.png\" alt=\"\" width=\"400\" height=\"400\" srcset=\"https:\/\/sidurcatalunya.com\/wp-content\/uploads\/2020\/04\/PobletPageArchitecture-300x300.png 300w, https:\/\/sidurcatalunya.com\/wp-content\/uploads\/2020\/04\/PobletPageArchitecture-150x150.png 150w, https:\/\/sidurcatalunya.com\/wp-content\/uploads\/2020\/04\/PobletPageArchitecture-250x250.png 250w, https:\/\/sidurcatalunya.com\/wp-content\/uploads\/2020\/04\/PobletPageArchitecture-174x174.png 174w, https:\/\/sidurcatalunya.com\/wp-content\/uploads\/2020\/04\/PobletPageArchitecture-100x100.png 100w, https:\/\/sidurcatalunya.com\/wp-content\/uploads\/2020\/04\/PobletPageArchitecture.png 311w\" sizes=\"auto, (max-width: 400px) 100vw, 400px\" \/><\/a><\/p>\n<p style=\"text-align: center;\">Biblioteca del Monastir de Poblet, Ms. 100<\/p>\n<h2 style=\"text-align: left;\"><a href=\"https:\/\/www.barcelona.cat\/museuhistoria\/en\/anteriors\/barcelona-haggadot-jewish-splendour-catalan-gothic-period\" target=\"_blank\" rel=\"noopener noreferrer\">MUHBA Virtual tour of the exhibition: 'BARCELONA HAGGADOT. The Jewish Splendour of Catalan Gothic Period'<\/a><\/h2>\n<h3><a href=\"https:\/\/wx1.7b4.myftpupload.com\/wp-content\/uploads\/2020\/04\/hagadas_eng_0.pdf\" target=\"_blank\" rel=\"noopener noreferrer\">Booklet<\/a><\/h3>\n<div class=\"ast-oembed-container\" style=\"height: 100%;\"><iframe loading=\"lazy\" title=\"El sopar pasqual  La cena de Pascua The Passover meal\" width=\"500\" height=\"281\" src=\"https:\/\/www.youtube.com\/embed\/gk4APDkgqqw?feature=oembed\" frameborder=\"0\" allow=\"accelerometer; autoplay; clipboard-write; encrypted-media; gyroscope; picture-in-picture; web-share\" referrerpolicy=\"strict-origin-when-cross-origin\" allowfullscreen><\/iframe><\/div>\n<p style=\"text-align: center;\">","protected":false},"excerpt":{"rendered":"<p>\u05d4\u05d2\u05d3\u05d5\u05ea \u05de\u05e7\u05d8\u05dc\u05d5\u05e0\u05d9\u05d0 The Barcelona Haggadah, c. 1340. The British Library, London, Ms. Add. 14761 The Golden Haggadah, c. 1320. The British Library, London, Ms. Add. 27210 The Sister Haggadah, c. 1325-1335. The British Library, London, Ms. Or. 2884 Graziano Haggadah, c. 1300-1328. The Jewish Theological Seminary Library, New York, Ms. 9300 Brother Haggadah, c. 1330. [&hellip;]<\/p>\n","protected":false},"author":1,"featured_media":0,"parent":616,"menu_order":0,"comment_status":"closed","ping_status":"closed","template":"","meta":{"site-sidebar-layout":"default","site-content-layout":"","ast-site-content-layout":"default","site-content-style":"default","site-sidebar-style":"default","ast-global-header-display":"","ast-banner-title-visibility":"","ast-main-header-display":"","ast-hfb-above-header-display":"","ast-hfb-below-header-display":"","ast-hfb-mobile-header-display":"","site-post-title":"","ast-breadcrumbs-content":"","ast-featured-img":"","footer-sml-layout":"","ast-disable-related-posts":"","theme-transparent-header-meta":"","adv-header-id-meta":"","stick-header-meta":"","header-above-stick-meta":"","header-main-stick-meta":"","header-below-stick-meta":"","astra-migrate-meta-layouts":"set","ast-page-background-enabled":"default","ast-page-background-meta":{"desktop":{"background-color":"var(--ast-global-color-4)","background-image":"","background-repeat":"repeat","background-position":"center center","background-size":"auto","background-attachment":"scroll","background-type":"","background-media":"","overlay-type":"","overlay-color":"","overlay-opacity":"","overlay-gradient":""},"tablet":{"background-color":"","background-image":"","background-repeat":"repeat","background-position":"center center","background-size":"auto","background-attachment":"scroll","background-type":"","background-media":"","overlay-type":"","overlay-color":"","overlay-opacity":"","overlay-gradient":""},"mobile":{"background-color":"","background-image":"","background-repeat":"repeat","background-position":"center center","background-size":"auto","background-attachment":"scroll","background-type":"","background-media":"","overlay-type":"","overlay-color":"","overlay-opacity":"","overlay-gradient":""}},"ast-content-background-meta":{"desktop":{"background-color":"var(--ast-global-color-5)","background-image":"","background-repeat":"repeat","background-position":"center center","background-size":"auto","background-attachment":"scroll","background-type":"","background-media":"","overlay-type":"","overlay-color":"","overlay-opacity":"","overlay-gradient":""},"tablet":{"background-color":"var(--ast-global-color-5)","background-image":"","background-repeat":"repeat","background-position":"center center","background-size":"auto","background-attachment":"scroll","background-type":"","background-media":"","overlay-type":"","overlay-color":"","overlay-opacity":"","overlay-gradient":""},"mobile":{"background-color":"var(--ast-global-color-5)","background-image":"","background-repeat":"repeat","background-position":"center center","background-size":"auto","background-attachment":"scroll","background-type":"","background-media":"","overlay-type":"","overlay-color":"","overlay-opacity":"","overlay-gradient":""}},"footnotes":""},"class_list":["post-705","page","type-page","status-publish","hentry"],"_links":{"self":[{"href":"https:\/\/sidurcatalunya.com\/en\/wp-json\/wp\/v2\/pages\/705","targetHints":{"allow":["GET"]}}],"collection":[{"href":"https:\/\/sidurcatalunya.com\/en\/wp-json\/wp\/v2\/pages"}],"about":[{"href":"https:\/\/sidurcatalunya.com\/en\/wp-json\/wp\/v2\/types\/page"}],"author":[{"embeddable":true,"href":"https:\/\/sidurcatalunya.com\/en\/wp-json\/wp\/v2\/users\/1"}],"replies":[{"embeddable":true,"href":"https:\/\/sidurcatalunya.com\/en\/wp-json\/wp\/v2\/comments?post=705"}],"version-history":[{"count":12,"href":"https:\/\/sidurcatalunya.com\/en\/wp-json\/wp\/v2\/pages\/705\/revisions"}],"predecessor-version":[{"id":2240,"href":"https:\/\/sidurcatalunya.com\/en\/wp-json\/wp\/v2\/pages\/705\/revisions\/2240"}],"up":[{"embeddable":true,"href":"https:\/\/sidurcatalunya.com\/en\/wp-json\/wp\/v2\/pages\/616"}],"wp:attachment":[{"href":"https:\/\/sidurcatalunya.com\/en\/wp-json\/wp\/v2\/media?parent=705"}],"curies":[{"name":"wp","href":"https:\/\/api.w.org\/{rel}","templated":true}]}}